{"id":7655,"date":"2018-05-25T10:01:07","date_gmt":"2018-05-25T08:01:07","guid":{"rendered":"https:\/\/grandferdinand.com\/en\/service\/impressum-2\/"},"modified":"2020-10-29T15:50:25","modified_gmt":"2020-10-29T14:50:25","slug":"impressum-2-2","status":"publish","type":"page","link":"https:\/\/grandferdinand.com\/en\/service\/impressum-2-2\/","title":{"rendered":"Imprint"},"content":{"rendered":"<p>Grand Ferdinand \u2013 Hotel am Ring\u2028Schubertring 10-12, 1010 Wien \/ Austria\u2028+43 1 91 880-0\u2028welcome@grandferdinand.com<br \/>\nwww.grandferdinand.com<br \/>\nZimmerreservierung:\u2028Tel.:\u00a0+43 (1) 91 880-400\u2028reservations@hotelweitzer.com<\/p>\n<p>EIN BETRIEB DER WEITZER HOTELS BETRIEBSGESMBH<br \/>\nImpressum \/ Informationen nach \u00a7 5 ECG<\/p>\n<p>Weitzer Hotels Betriebsgesellschaft m.b.H.<br \/>\nGrieskai 12-14, 8020 Graz, Austria<br \/>\nT: +43 316 703-0<br \/>\nsales@weitzer.com<br \/>\nwww.weitzer.com\u2028UID-Nr: ATU286 38 409<\/p>\n<p>Firmenbuch-Nummer: FN 58745s\u2028Firmenbuchgericht: Landesgericht f\u00fcr ZRS Graz<br \/>\nGesch\u00e4ftsf\u00fchrer der Weitzer Hotels BetriebsgesmbH:\u00a0Florian Weitzer\u00a0&amp;\u00a0Michael Pfaller<\/p>\n<p>Unternehmensgegenstand: Betriebe der Hotels \u201eDas \u201eWeitzer in Graz und Grand Ferdinand \u2013 Hotel am Ring in Wien, je mit den dazugeh\u00f6rigen Restaurants, Erwerbung, Errichtung, Pachtung und Betrieb von Unternehmen des Hotel- sowie des Gast- und Schankgewerbes, Garagengewerbe, Handel mit Waren aller Art.<br \/>\nKammermitgliedschaft: Wirtschaftskammer Steiermark\u2028Beh\u00f6rde gem. ECG: Magistrat der Stadt Graz<br \/>\nBerufsrecht: Gewerbeordnung: www.ris.bka.gv.at<\/p>\n<p>Information zur Online-Streitbeilegung gem\u00e4\u00df \u00a7 19 Abs 3 AStG (Alternative-Streitbeilegung-Gesetz) \/ Art. 14 \u00a7 1 ODR-VO (Online-Streitbeilegungs-Verordnung):<\/p>\n<p>Verbraucher haben die M\u00f6glichkeit, Beschwerden an die Online-Streitbeilegungsplattform der EU zu richten: http:\/\/ec.europa.eu\/odr und diese Plattform f\u00fcr die Beilegung von Streitigkeiten \u00fcber online get\u00e4tigte K\u00e4ufe oder abgeschlossene Dienstleistungsvertr\u00e4ge zu nutzen<\/p>\n<p>Wenn Sie Beschwerden haben, k\u00f6nnen Sie diese auch direkt an uns richten. Bitte schreiben Sie uns an die folgende E-Mail-Adresse: datenschutz@weitzer.com.<\/p>\n<p>Zur Teilnahme an einem Streitbeilegungsverfahren vor einer Verbraucherschlichtungsstelle sind wir nicht verpflichtet und grunds\u00e4tzlich nicht bereit.<\/p>\n<p>URHEBERRECHTE, NUTZUNGSBEDINGUNGEN<br \/>\nDer Inhalt dieser Website ist urheberrechtlich gesch\u00fctzt. S\u00e4mtliche Inhalte, Texte, Grafiken und Fotos sind Eigentum der Weitzer Hotels BetriebsgesmbH, alle Rechte vorbehalten. Bestimmte Inhalte k\u00f6nnen weiters auch den Urheberrechts- und Nutzungsbedingungen von unseren Partnern oder Lieferanten unterliegen.\u2028Die Bereitstellung von Inhalten und Bildmaterial von dieser Website auf anderen Websites ist nur mit ausdr\u00fccklicher Genehmigung durch die Weitzer Hotels BetriebsgesmbH gestattet. Die auf dieser Website enthaltenen Angaben werden nach bestem Wissen erstellt und mit gro\u00dfer Sorgfalt auf ihre Richtigkeit \u00fcberpr\u00fcft. Trotzdem sind inhaltliche und sachliche Fehler nicht vollst\u00e4ndig auszuschlie\u00dfen.\u2028Die Weitzer Hotels Betriebsgesellschaft m.b.H. hat diese Website mit gr\u00f6\u00dftm\u00f6glicher Sorgfalt und nach bestem Wissen erstellt. Sie \u00fcbernimmt aber keinerlei Garantie und Haftung f\u00fcr die jederzeitige Richtigkeit, Aktualit\u00e4t und Vollst\u00e4ndigkeit der bereitgestellten Informationen und Inhalte oder deren jederzeitige Verf\u00fcgbarkeit. Alle Angaben sind ohne Gew\u00e4hr.<br \/>\nKONZEPT, DESIGN UND UMSETZUNG DER WEBSITE<br \/>\nmoodley brand identity,\u00a0www.moodley.at<\/p>\n<p>HAFTUNGsausschluss F\u00dcR LINKS<br \/>\nTrotz sorgf\u00e4ltiger und regelm\u00e4\u00dfiger inhaltlicher Kontrolle \u00fcbernehmen wir keine Haftung f\u00fcr von uns verlinkte Inhalte externer Websiten und machen uns deren Inhalte nicht zu eigen. Die Weitzer Hotels Betriebsgesellschaft m.b.H.\u00a0\u00fcbernimmt keine Verantwortung f\u00fcr Inhalte auf Websites von unseren Partnern und teilnehmenden Betrieben, auf die mittels Links verwiesen wird. F\u00fcr den Inhalt der verlinkten Seiten sind ausschlie\u00dflich deren Betreiber verantwortlich.<\/p>\n<p>Unsere AGB k\u00f6nnen Sie\u00a0hier downloaden.<\/p>\n","protected":false},"excerpt":{"rendered":"<p>Grand Ferdinand \u2013 Hotel am Ring\u2028Schubertring 10-12, 1010 Wien \/ Austria\u2028+43 1 91 880-0\u2028welcome@grandferdinand.com www.grandferdinand.com Zimmerreservierung:\u2028Tel.:\u00a0+43 (1) 91 880-400\u2028reservations@hotelweitzer.com EIN BETRIEB DER WEITZER HOTELS BETRIEBSGESMBH Impressum \/ Informationen nach \u00a7 5 ECG Weitzer Hotels Betriebsgesellschaft m.b.H. Grieskai 12-14, 8020 Graz, Austria T: +43 316 703-0 sales@weitzer.com www.weitzer.com\u2028UID-Nr: ATU286 38 409 Firmenbuch-Nummer: FN 58745s\u2028Firmenbuchgericht: Landesgericht f\u00fcr [&hellip;]<\/p>\n","protected":false},"author":1,"featured_media":0,"parent":1318,"menu_order":0,"comment_status":"closed","ping_status":"closed","template":"Why.php","meta":{"_acf_changed":false,"footnotes":""},"class_list":["post-7655","page","type-page","status-publish","hentry"],"acf":[],"_links":{"self":[{"href":"https:\/\/grandferdinand.com\/en\/wp-json\/wp\/v2\/pages\/7655","targetHints":{"allow":["GET"]}}],"collection":[{"href":"https:\/\/grandferdinand.com\/en\/wp-json\/wp\/v2\/pages"}],"about":[{"href":"https:\/\/grandferdinand.com\/en\/wp-json\/wp\/v2\/types\/page"}],"author":[{"embeddable":true,"href":"https:\/\/grandferdinand.com\/en\/wp-json\/wp\/v2\/users\/1"}],"replies":[{"embeddable":true,"href":"https:\/\/grandferdinand.com\/en\/wp-json\/wp\/v2\/comments?post=7655"}],"version-history":[{"count":2,"href":"https:\/\/grandferdinand.com\/en\/wp-json\/wp\/v2\/pages\/7655\/revisions"}],"predecessor-version":[{"id":10192,"href":"https:\/\/grandferdinand.com\/en\/wp-json\/wp\/v2\/pages\/7655\/revisions\/10192"}],"up":[{"embeddable":true,"href":"https:\/\/grandferdinand.com\/en\/wp-json\/wp\/v2\/pages\/1318"}],"wp:attachment":[{"href":"https:\/\/grandferdinand.com\/en\/wp-json\/wp\/v2\/media?parent=7655"}],"curies":[{"name":"wp","href":"https:\/\/api.w.org\/{rel}","templated":true}]}}